{"id":10953,"date":"2021-12-06T03:42:54","date_gmt":"2021-12-06T02:42:54","guid":{"rendered":"https:\/\/vapus.org\/data-protection-center"},"modified":"2021-12-06T03:42:54","modified_gmt":"2021-12-06T02:42:54","slug":"data-protection-center","status":"publish","type":"page","link":"https:\/\/vapus.org\/en\/data-protection-center","title":{"rendered":"Data protection center"},"content":{"rendered":"<p><span class=\"col-8\"><strong>\n<div class=\"detailed-features\">\n\n\n\n\t\t\n            <div class=\"feature\"><a href=\"#\" target=\"_blank\" class=\"ct-full-link\"><\/a>\n                <div class=\"icon-wrapper section\"><span class=\"fa fa-cog\" style=\"color:#e03131\"><\/span><\/div>\n                <div class=\"text section text-capitalize\">Cookie settings<\/div>\n                <div class=\"ct-btn section text-uppercase\"><style>\n    #ct-ultimate-gdpr-cookie-modal-body h1,\n    #ct-ultimate-gdpr-cookie-modal-body h2,\n    #ct-ultimate-gdpr-cookie-modal-body h3,\n    #ct-ultimate-gdpr-cookie-modal-body h4,\n    #ct-ultimate-gdpr-cookie-modal-body h5,\n    #ct-ultimate-gdpr-cookie-modal-body h6 {\n        color: #595959;\n    }\n<\/style>\n\n    <a href=\"#\" class=\"ct-ultimate-triggler-modal-sc\">Read more                    <\/a>\n<div id=\"ct-ultimate-gdpr-cookie-modal\" class=\"ct-ultimate-gdpr--Groups-5\" style=\"display:none;\">\n\n    <!-- Modal content -->\n    <div class=\"ct-ultimate-gdpr-cookie-modal-content \">\n\t\t            <div id=\"ct-ultimate-gdpr-cookie-modal-close\"><\/div>\n\t\t        <div id=\"ct-ultimate-gdpr-cookie-modal-body\"\n             class=\"ct-ultimate-gdpr-slider-not-block\">\n\n\t\t\t\n\t\t\t                <div style=\"color: #797979\"> <h2>Privatsph\u00e4re-Einstellungen<\/h2>\r\n    <div class=\"ct-ultimate-gdpr-cookie-modal-desc\">\r\n        <p>Entscheiden Sie, welche Cookies Sie zulassen m\u00f6chten.<\/p>\r\n        <p>Sie k\u00f6nnen diese Einstellungen jederzeit \u00e4ndern. Dies kann jedoch dazu f\u00fchren, dass einige Funktionen nicht mehr zur Verf\u00fcgung stehen. Informationen zum L\u00f6schen der Cookies finden Sie in der Hilfe Ihres Browsers.<\/p>\r\n        <span>ERFAHREN SIE MEHR \u00dcBER DIE VON UNS VERWENDETEN COOKIES.<\/span>\r\n    <\/div>\r\n    <h3>Mit dem Schieberegler k\u00f6nnen Sie verschiedene Arten von Cookies aktivieren oder deaktivieren:<\/h3> <\/div>\n\n\t\t\t            <form action=\"#\" id=\"ct-ultimate-gdpr-cookie-modal-slider-form\">\n                <div class=\"ct-ultimate-gdpr-slider\"><\/div>\n                <ul class=\"ct-ultimate-gdpr-cookie-modal-slider\">\n\t\t\t\t\t\t\t\t\t\t\t\t\t\t\t\t                        <li id=\"ct-ultimate-gdpr-cookie-modal-slider-item-block\"\n                            class=\"ct-ultimate-gdpr-cookie-modal-slider-item \"\n                            data-count=\"1\">\n                            <div>\n                                <img decoding=\"async\" class=\"ct-svg\"\n                                     src=\"https:\/\/vapus.org\/wp-content\/plugins\/ct-ultimate-gdpr\/assets\/css\/images\/block-all.svg\"\n                                     alt=\"Block all\">\n                            <\/div>\n                            <input type=\"radio\" id=\"cookie0\"\n                                   name=\"radio-group\"                                    class=\"ct-ultimate-gdpr-cookie-modal-slider-radio\"\n                                   value=\"1\"\n                                   data-count=\"1\">\n                            <label for=\"cookie0\"\n                                   style=\"color: #595959;\">\n\t\t\t\t\t\t\t\talles blockieren                            <\/label>\n                        <\/li>\n\n\t\t\t\t\t\n\t\t\t\t\t\t\t\t\t\t\t                        <li class=\"ct-ultimate-gdpr-cookie-modal-slider-item \">\n                            <div>\n                                <img decoding=\"async\" class=\"ct-svg\"\n                                     src=\"https:\/\/vapus.org\/wp-content\/plugins\/ct-ultimate-gdpr\/assets\/css\/images\/essential.svg\"\n                                     alt=\"Essential\">\n                            <\/div>\n                            <input data-count=\"2\" type=\"radio\" id=\"cookie1\"\n                                   name=\"radio-group\"                                    class=\"ct-ultimate-gdpr-cookie-modal-slider-radio\"\n                                   value=\"2\">\n                            <label for=\"cookie1\"\n                                   style=\"color: #595959;\">\n\t\t\t\t\t\t\t\tWesentliches                            <\/label>\n                        <\/li>\n\n\t\t\t\t\t\n\t\t\t\t\t\t\t\t\t\t\t                        <li class=\"ct-ultimate-gdpr-cookie-modal-slider-item \"\n                            data-count=\"3\">\n                            <div>\n                                <img decoding=\"async\" class=\"ct-svg\"\n                                     src=\"https:\/\/vapus.org\/wp-content\/plugins\/ct-ultimate-gdpr\/assets\/css\/images\/functionality.svg\"\n                                     alt=\"Functionality\">\n                            <\/div>\n                            <input data-count=\"3\" type=\"radio\" id=\"cookie2\"\n                                   name=\"radio-group\"                                    class=\"ct-ultimate-gdpr-cookie-modal-slider-radio\"\n                                   value=\"3\">\n                            <label for=\"cookie2\"\n                                   style=\"color: #595959;\">\n\t\t\t\t\t\t\t\tFunktionalit\u00e4t                            <\/label>\n                        <\/li>\n\n\t\t\t\t\t\n\t\t\t\t\t\t\t\t\t\t\t                        <li class=\"ct-ultimate-gdpr-cookie-modal-slider-item ct-ultimate-gdpr-cookie-modal-slider-item--active\"\n                            data-count=\"4\">\n                            <div>\n                                <img decoding=\"async\" class=\"ct-svg\"\n                                     src=\"https:\/\/vapus.org\/wp-content\/plugins\/ct-ultimate-gdpr\/assets\/css\/images\/statistics.svg\"\n                                     alt=\"Analytics\">\n                            <\/div>\n                            <input data-count=\"4\" type=\"radio\" id=\"cookie3\"\n                                   name=\"radio-group\" checked                                   class=\"ct-ultimate-gdpr-cookie-modal-slider-radio\"\n                                   value=\"4\">\n                            <label for=\"cookie3\"\n                                   style=\"color: #595959;\">\n\t\t\t\t\t\t\t\tAnalytik                            <\/label>\n                        <\/li>\n\n\t\t\t\t\t\n\t\t\t\t\t\t\t\t\t\t\t                        <li class=\"ct-ultimate-gdpr-cookie-modal-slider-item \">\n                            <div>\n                                <img decoding=\"async\" class=\"ct-svg\"\n                                     src=\"https:\/\/vapus.org\/wp-content\/plugins\/ct-ultimate-gdpr\/assets\/css\/images\/targeting.svg\"\n                                     alt=\"Advertising\">\n                            <\/div>\n                            <input data-count=\"5\" type=\"radio\" id=\"cookie4\"\n                                   name=\"radio-group\"                                    class=\"ct-ultimate-gdpr-cookie-modal-slider-radio\"\n                                   value=\"5\">\n                            <label for=\"cookie4\"\n                                   style=\"color: #595959;\">\n\t\t\t\t\t\t\t\tWerbung                            <\/label>\n                        <\/li>\n\t\t\t\t\t\t\t\t\t\t\n\t\t\t\t\t\n                <\/ul>\n\n            <\/form>\n\t\t\t            <div class=\"ct-ultimate-gdpr-cookie-modal-slider-wrap\">\n\t\t\t\t\n\n                <div class=\"ct-ultimate-gdpr-cookie-modal-slider-inner-wrap\">\n                                            <div class=\"ct-ultimate-gdpr-cookie-modal-slider-info cookie0\">\n                            <div class=\"ct-ultimate-gdpr-cookie-modal-slider-desc\">\n                                <h4 style=\"color: #595959;\">Diese Website wird<\/h4>\n                                <ul class=\"ct-ultimate-gdpr-cookie-modal-slider-able\"\n                                    style=\"color: #797979;\">\n                                    <li>Remember which cookies group you accepted<\/li>                                <\/ul>\n                            <\/div>\n                            <div class=\"ct-ultimate-gdpr-cookie-modal-slider-desc\">\n                                <h4 style=\"color: #595959;\">Diese Website wird nicht<\/h4>\n                                <ul class=\"ct-ultimate-gdpr-cookie-modal-slider-not-able\"\n                                    style=\"color: #797979;\">\n                                    <li>Remember your login details<\/li><li>Essential: Remember your cookie permission setting<\/li><li>Essential: Allow session cookies<\/li><li>Essential: Gather information you input into a contact forms newsletter and other forms across all pages<\/li><li>Essential: Keep track of what you input in a shopping cart<\/li><li>Essential: Authenticate that you are logged into your user account<\/li><li>Essential: Remember language version you selected<\/li><li>Functionality: Remember social media settings<\/li><li>Functionality: Remember selected region and country<\/li><li>Analytics: Keep track of your visited pages and interaction taken<\/li><li>Analytics: Keep track about your location and region based on your IP number<\/li><li>Analytics: Keep track of the time spent on each page<\/li><li>Analytics: Increase the data quality of the statistics functions<\/li><li>Advertising: Tailor information and advertising to your interests based on e.g. the content you have visited before. (Currently we do not use targeting or targeting cookies.<\/li><li>Advertising: Gather personally identifiable information such as name and location<\/li>                                <\/ul>\n                            <\/div>\n                            <div class=\"ct-clearfix\"><\/div>\n                        <\/div>\n                                            <div class=\"ct-ultimate-gdpr-cookie-modal-slider-info cookie1\">\n                            <div class=\"ct-ultimate-gdpr-cookie-modal-slider-desc\">\n                                <h4 style=\"color: #595959;\">Diese Website wird<\/h4>\n                                <ul class=\"ct-ultimate-gdpr-cookie-modal-slider-able\"\n                                    style=\"color: #797979;\">\n                                    <li>Wesentlich: Erinnern Sie sich an Ihre Cookie-Erlaubnis-Einstellung<\/li><li>Wesentlich: Sitzungscookies zulassen<\/li><li>Wesentlich: Sammeln Sie Informationen, die Sie in einen Kontaktformular-Newsletter und andere Formulare auf allen Seiten eingeben<\/li><li>Wesentlich: Behalten Sie den \u00dcberblick \u00fcber Ihre Eingaben im Warenkorb<\/li><li>Wesentlich: Authentifizieren Sie sich, dass Sie in Ihrem Benutzerkonto angemeldet sind<\/li><li>Wesentlich: Die gew\u00e4hlte Sprachversion speichern<\/li>                                <\/ul>\n                            <\/div>\n                            <div class=\"ct-ultimate-gdpr-cookie-modal-slider-desc\">\n                                <h4 style=\"color: #595959;\">Diese Website wird nicht<\/h4>\n                                <ul class=\"ct-ultimate-gdpr-cookie-modal-slider-not-able\"\n                                    style=\"color: #797979;\">\n                                    <li>Merken Sie sich Ihre Zugangsdaten<\/li><li>Funktionalit\u00e4t: Merken Sie sich die Einstellungen f\u00fcr Social Media<\/li><li>Funktionalit\u00e4t: Ausgew\u00e4hlte Region und Land merken<\/li><li>Analytics: Behalten Sie den \u00dcberblick \u00fcber Ihre besuchten Seiten und Interaktionen<\/li><li>Analytics: Verfolgen Sie Ihren Standort und Ihre Region anhand Ihrer IP-Nummer<\/li><li>Analytics: Behalten Sie die auf jeder Seite verbrachte Zeit im Auge<\/li><li>Analytics: Erh\u00f6hen Sie die Datenqualit\u00e4t der Statistikfunktionen<\/li><li>Werbung: Passen Sie Informationen und Werbung an Ihre Interessen an, z.B. aufgrund der von Ihnen besuchten Inhalte. (Derzeit verwenden wir keine Targeting oder Targeting Cookies)<\/li><li>Werbung: Sammeln Sie pers\u00f6nlich identifizierbare Informationen wie Name und Standort<\/li>                                <\/ul>\n                            <\/div>\n                            <div class=\"ct-clearfix\"><\/div>\n                        <\/div>\n                                            <div class=\"ct-ultimate-gdpr-cookie-modal-slider-info cookie2\">\n                            <div class=\"ct-ultimate-gdpr-cookie-modal-slider-desc\">\n                                <h4 style=\"color: #595959;\">Diese Website wird<\/h4>\n                                <ul class=\"ct-ultimate-gdpr-cookie-modal-slider-able\"\n                                    style=\"color: #797979;\">\n                                    <li>Wesentlich: Erinnern Sie sich an Ihre Cookie-Erlaubnis-Einstellung<\/li><li>Wesentlich: Sitzungscookies zulassen<\/li><li>Wesentlich: Sammeln Sie Informationen, die Sie in einen Kontaktformular-Newsletter und andere Formulare auf allen Seiten eingeben<\/li><li>Wesentlich: Behalten Sie den \u00dcberblick \u00fcber Ihre Eingaben im Warenkorb<\/li><li>Wesentlich: Authentifizieren Sie sich, dass Sie in Ihrem Benutzerkonto angemeldet sind<\/li><li>Wesentlich: Die gew\u00e4hlte Sprachversion speichern<\/li><li>Funktionalit\u00e4t: Social Media-Einstellungen merken \r\nFunktionalit\u00e4t: Ausgew\u00e4hlte Region und Land merken<\/li>                                <\/ul>\n                            <\/div>\n                            <div class=\"ct-ultimate-gdpr-cookie-modal-slider-desc\">\n                                <h4 style=\"color: #595959;\">Diese Website wird nicht<\/h4>\n                                <ul class=\"ct-ultimate-gdpr-cookie-modal-slider-not-able\"\n                                    style=\"color: #797979;\">\n                                    <li>Analytics: Behalten Sie den \u00dcberblick \u00fcber Ihre besuchten Seiten und Interaktionen<\/li><li>Analytics: Verfolgen Sie Ihren Standort und Ihre Region anhand Ihrer IP-Nummer<\/li><li>Analytics: Behalten Sie die auf jeder Seite verbrachte Zeit im Auge<\/li><li>Analytics: Erh\u00f6hen Sie die Datenqualit\u00e4t der Statistikfunktionen<\/li><li>Werbung: Passen Sie Informationen und Werbung an Ihre Interessen an, z.B. aufgrund der von Ihnen besuchten Inhalte. (Derzeit verwenden wir keine Targeting oder Targeting Cookies)<\/li><li>Werbung: Sammeln Sie pers\u00f6nlich identifizierbare Informationen wie Name und Standort<\/li>                                <\/ul>\n                            <\/div>\n                            <div class=\"ct-clearfix\"><\/div>\n                        <\/div>\n                                            <div class=\"ct-ultimate-gdpr-cookie-modal-slider-info cookie3\">\n                            <div class=\"ct-ultimate-gdpr-cookie-modal-slider-desc\">\n                                <h4 style=\"color: #595959;\">Diese Website wird<\/h4>\n                                <ul class=\"ct-ultimate-gdpr-cookie-modal-slider-able\"\n                                    style=\"color: #797979;\">\n                                    <li>Wesentlich: Erinnern Sie sich an Ihre Cookie-Erlaubnis-Einstellung<\/li><li>Wesentlich: Sitzungscookies zulassen<\/li><li>Wesentlich: Sammeln Sie Informationen, die Sie in einen Kontaktformular-Newsletter und andere Formulare auf allen Seiten eingeben<\/li><li>Wesentlich: Behalten Sie den \u00dcberblick \u00fcber Ihre Eingaben im Warenkorb<\/li><li>Wesentlich: Authentifizieren Sie sich, dass Sie in Ihrem Benutzerkonto angemeldet sind<\/li><li>Wesentlich: Die gew\u00e4hlte Sprachversion speichern<\/li><li>Funktionalit\u00e4t: Social Media-Einstellungen merken \r\nFunktionalit\u00e4t: Ausgew\u00e4hlte Region und Land merken<\/li><li>Analytics: Behalten Sie den \u00dcberblick \u00fcber Ihre besuchten Seiten und Interaktionen<\/li><li>Analytics: Verfolgen Sie Ihren Standort und Ihre Region anhand Ihrer IP-Nummer<\/li><li>Analytics: Behalten Sie die auf jeder Seite verbrachte Zeit im Auge<\/li><li>Analytics: Erh\u00f6hen Sie die Datenqualit\u00e4t der Statistikfunktionen<\/li>                                <\/ul>\n                            <\/div>\n                            <div class=\"ct-ultimate-gdpr-cookie-modal-slider-desc\">\n                                <h4 style=\"color: #595959;\">Diese Website wird nicht<\/h4>\n                                <ul class=\"ct-ultimate-gdpr-cookie-modal-slider-not-able\"\n                                    style=\"color: #797979;\">\n                                    <li>Werbung: Passen Sie Informationen und Werbung an Ihre Interessen an, z.B. aufgrund der von Ihnen besuchten Inhalte. (Derzeit verwenden wir keine Targeting oder Targeting Cookies)<\/li><li>Werbung: Sammeln Sie pers\u00f6nlich identifizierbare Informationen wie Name und Standort<\/li>                                <\/ul>\n                            <\/div>\n                            <div class=\"ct-clearfix\"><\/div>\n                        <\/div>\n                                            <div class=\"ct-ultimate-gdpr-cookie-modal-slider-info cookie4\">\n                            <div class=\"ct-ultimate-gdpr-cookie-modal-slider-desc\">\n                                <h4 style=\"color: #595959;\">Diese Website wird<\/h4>\n                                <ul class=\"ct-ultimate-gdpr-cookie-modal-slider-able\"\n                                    style=\"color: #797979;\">\n                                    <li>Funktionalit\u00e4t: Merken Sie sich die Einstellungen f\u00fcr Social Media<\/li><li>Funktionalit\u00e4t: Ausgew\u00e4hlte Region und Land merken<\/li><li>Analytics: Behalten Sie den \u00dcberblick \u00fcber Ihre besuchten Seiten und Interaktionen<\/li><li>Analytics: Verfolgen Sie Ihren Standort und Ihre Region anhand Ihrer IP-Nummer<\/li><li>Analytics: Behalten Sie die auf jeder Seite verbrachte Zeit im Auge<\/li><li>Analytics: Erh\u00f6hen Sie die Datenqualit\u00e4t der Statistikfunktionen<\/li><li>Werbung: Passen Sie Informationen und Werbung an Ihre Interessen an, z.B. aufgrund der von Ihnen besuchten Inhalte. (Derzeit verwenden wir keine Targeting oder Targeting Cookies)<\/li><li>Werbung: Sammeln Sie pers\u00f6nlich identifizierbare Informationen wie Name und Standort<\/li>                                <\/ul>\n                            <\/div>\n                            <div class=\"ct-ultimate-gdpr-cookie-modal-slider-desc\">\n                                <h4 style=\"color: #595959;\">Diese Website wird nicht<\/h4>\n                                <ul class=\"ct-ultimate-gdpr-cookie-modal-slider-not-able\"\n                                    style=\"color: #797979;\">\n                                    <li>Merken Sie sich Ihre Zugangsdaten<\/li>                                <\/ul>\n                            <\/div>\n                            <div class=\"ct-clearfix\"><\/div>\n                        <\/div>\n                                    <\/div>\n\n                            <\/div>\n            <div class=\"ct-ultimate-gdpr-cookie-modal-btn save\">\n                <a href=\"#\">Speichern &amp; Schlie\u00dfen<\/a>\n            <\/div>\n        <\/div>\n    <\/div>\n<\/div>\n<span class=\"fa fa-list\"><\/span><\/div>\n            <\/div>\n\n\t\t\n            <div class=\"feature\"><a href=\"https:\/\/vapus.org\/en\/data-protection\" target=\"_blank\" class=\"ct-full-link\"><\/a>\n                <div class=\"icon-wrapper section\"><span class=\"fa fa-calendar-check-o\" style=\"color:#e03131\"><\/span><\/div>\n                <div class=\"text section text-capitalize\">Privacy policy<\/div>\n                <div class=\"ct-btn section text-uppercase\"><a href=\"https:\/\/vapus.org\/en\/data-protection\">Read more\u00a0<span\n                                class=\"fa fa-list\"><\/span><\/a><\/div>\n            <\/div>\n\n\t\t\n\t\t\n            <div class=\"feature\"><a href=\"https:\/\/vapus.org\/agbs\" target=\"_blank\"\n                                       class=\"ct-full-link\"><\/a>\n                <div class=\"icon-wrapper section\"><span class=\"fa fa-check-circle\" style=\"color:#e03131\"><\/span><\/div>\n                <div class=\"text section text-capitalize\">Terms &amp; conditions pages<\/div>\n                <div class=\"ct-btn section text-uppercase\"><a href=\"https:\/\/vapus.org\/agbs\">Read more\u00a0<span class=\"fa fa-list\"><\/span><\/a><\/div>\n            <\/div>\n\n\t\t\n\t\t\n   \n<\/div>\n <\/strong> <\/span><\/p>\n","protected":false},"excerpt":{"rendered":"","protected":false},"author":1,"featured_media":0,"parent":0,"menu_order":0,"comment_status":"closed","ping_status":"closed","template":"","meta":{"_acf_changed":false,"footnotes":""},"class_list":["post-10953","page","type-page","status-publish","hentry"],"acf":[],"_links":{"self":[{"href":"https:\/\/vapus.org\/en\/wp-json\/wp\/v2\/pages\/10953","targetHints":{"allow":["GET"]}}],"collection":[{"href":"https:\/\/vapus.org\/en\/wp-json\/wp\/v2\/pages"}],"about":[{"href":"https:\/\/vapus.org\/en\/wp-json\/wp\/v2\/types\/page"}],"author":[{"embeddable":true,"href":"https:\/\/vapus.org\/en\/wp-json\/wp\/v2\/users\/1"}],"replies":[{"embeddable":true,"href":"https:\/\/vapus.org\/en\/wp-json\/wp\/v2\/comments?post=10953"}],"version-history":[{"count":0,"href":"https:\/\/vapus.org\/en\/wp-json\/wp\/v2\/pages\/10953\/revisions"}],"wp:attachment":[{"href":"https:\/\/vapus.org\/en\/wp-json\/wp\/v2\/media?parent=10953"}],"curies":[{"name":"wp","href":"https:\/\/api.w.org\/{rel}","templated":true}]}}